{"id":130,"date":"2017-12-11T13:10:15","date_gmt":"2017-12-11T13:10:15","guid":{"rendered":"https:\/\/ziskede-tclkt9ynv0.live-website.com\/?page_id=130"},"modified":"2019-02-15T12:17:06","modified_gmt":"2019-02-15T12:17:06","slug":"start-dex","status":"publish","type":"page","link":"https:\/\/ziske.de\/?page_id=130&lang=de","title":{"rendered":"Anfang"},"content":{"rendered":"<p>Das Neue<\/p>\n\n\n<blockquote class=\"wp-block-quote is-layout-flow wp-block-quote-is-layout-flow\"><p><br>Die Arbeit des Kritikers ist in vieler Hinsicht eine leichte.<br>Wir riskieren sehr wenig und erfreuen uns dennoch einer \u00dcberlegenheit gegen\u00fcber Jener, die ihr Werk und sich selbst unserem Urteil \u00fcberantworten.<br>Am Dankbarsten sind negative Kritiken, da sie am\u00fcsant zu schreiben und zu lesen sind.<br>Aber wir Kritiker m\u00fcssen uns der bitteren Wahrheit stellen, dass im Gro\u00dfen und Ganzen betrachtet das gew\u00f6hnliche und durchschnittliche Produkt wohl immer noch bedeutungsvoller ist, als unsere Kritik, die es als solche bezeichnet.<br>Doch es gibt auch Zeiten, da ein Kritiker tats\u00e4chlich etwas riskiert, wenn es der Entdeckung und Verteidigung von Neuem geht.<br>Die Welt reagiert ungn\u00e4dig auf neue Talente, neue Kreationen.<br>Das Neue braucht Freunde. <\/p><cite><br>Anton Ego\u00a0(Brad Bird) \u2013 Ratatouille , Der Film<\/cite><\/blockquote>\n\n\n\n<p><\/p>\n","protected":false},"excerpt":{"rendered":"<p>Das Neue Die Arbeit des Kritikers ist in vieler Hinsicht eine leichte.Wir riskieren sehr wenig und erfreuen uns dennoch einer \u00dcberlegenheit gegen\u00fcber Jener, die ihr Werk und sich selbst unserem Urteil \u00fcberantworten.Am Dankbarsten sind negative Kritiken, da sie am\u00fcsant zu schreiben und zu lesen sind.Aber wir Kritiker m\u00fcssen uns der bitteren Wahrheit stellen, dass im &hellip; <\/p>\n<p class=\"link-more\"><a href=\"https:\/\/ziske.de\/?page_id=130&#038;lang=de\" class=\"more-link\"><span class=\"screen-reader-text\">\u201eAnfang\u201c<\/span> weiterlesen<\/a><\/p>\n","protected":false},"author":1,"featured_media":312,"parent":0,"menu_order":0,"comment_status":"closed","ping_status":"closed","template":"","meta":{"footnotes":""},"class_list":["post-130","page","type-page","status-publish","has-post-thumbnail","hentry","entry"],"_links":{"self":[{"href":"https:\/\/ziske.de\/index.php?rest_route=\/wp\/v2\/pages\/130","targetHints":{"allow":["GET"]}}],"collection":[{"href":"https:\/\/ziske.de\/index.php?rest_route=\/wp\/v2\/pages"}],"about":[{"href":"https:\/\/ziske.de\/index.php?rest_route=\/wp\/v2\/types\/page"}],"author":[{"embeddable":true,"href":"https:\/\/ziske.de\/index.php?rest_route=\/wp\/v2\/users\/1"}],"replies":[{"embeddable":true,"href":"https:\/\/ziske.de\/index.php?rest_route=%2Fwp%2Fv2%2Fcomments&post=130"}],"version-history":[{"count":6,"href":"https:\/\/ziske.de\/index.php?rest_route=\/wp\/v2\/pages\/130\/revisions"}],"predecessor-version":[{"id":416,"href":"https:\/\/ziske.de\/index.php?rest_route=\/wp\/v2\/pages\/130\/revisions\/416"}],"wp:featuredmedia":[{"embeddable":true,"href":"https:\/\/ziske.de\/index.php?rest_route=\/wp\/v2\/media\/312"}],"wp:attachment":[{"href":"https:\/\/ziske.de\/index.php?rest_route=%2Fwp%2Fv2%2Fmedia&parent=130"}],"curies":[{"name":"wp","href":"https:\/\/api.w.org\/{rel}","templated":true}]}}